{"id":125,"date":"2013-07-29T14:50:30","date_gmt":"2013-07-29T12:50:30","guid":{"rendered":"https:\/\/equalforequal.org\/?page_id=125"},"modified":"2024-04-11T15:17:24","modified_gmt":"2024-04-11T13:17:24","slug":"impressum","status":"publish","type":"page","link":"https:\/\/equalforequal.org\/ar\/impressum\/","title":{"rendered":"Impressum"},"content":{"rendered":"<p dir=\"ltr\"><strong>Addresse:<\/strong><\/p>\n<p dir=\"ltr\">.lkj) Landesvereinigung kulturelle Kinder- und Jugendbildung Sachsen-Anhalt e.V.<br \/>\nBrandenburger Str. 9<br \/>\n39104 Magdeburg<\/p>\n<p dir=\"ltr\">E-Mail: <a href=\"mailto:mail@equalforequal.org\">mail@equalforequal.org<\/a><br \/>\nTelefon: <strong>++49 &#8211; (0)171 &#8211; 49 22 791<\/strong><\/p>\n<p dir=\"ltr\"><strong>Vertretungsberechtigt sind<\/strong>: Katrin Brademann (Vorsitzende), Dr. Christian Reineke, D\u00f6rthe Zielke, Rebecca Lange, John Palatini<\/p>\n<p dir=\"ltr\">Als Diensteanbieter ist die .lkj) nur f\u00fcr eigene Inhalte verantwortlich (\u00a7 8 Abs. 1 TMG). F\u00fcr externe Links zu fremden Inhalten \u00fcbernimmt die .lkj) keine Haftung.<\/p>\n<p dir=\"ltr\"><strong>Vereinsregister:<\/strong> VR 11087 AG Stendal Str.Nr.: 102 | 142 | 03583 FA Magdeburg<\/p>\n<p dir=\"ltr\"><strong>Betriebsnummer:<\/strong> 03328814<\/p>\n<p dir=\"ltr\">Diensteanbieter gem. \u00a7 5 Abs. 1 Telemediengesetz (TMG)<\/p>\n<hr dir=\"ltr\" \/>\n<h4 dir=\"ltr\">Datenschutzerkl\u00e4rung<\/h4>\n<p dir=\"ltr\">Die Nutzung unserer Webseite ist in der Regel ohne Angabe personenbezogener Daten m\u00f6glich. Soweit auf unseren Seiten personenbezogene Daten (beispielsweise Name, Anschrift oder eMail-Adressen) erhoben werden, erfolgt dies, soweit m\u00f6glich, stets auf freiwilliger Basis. Diese Daten werden ohne Ihre ausdr\u00fcckliche Zustimmung nicht an Dritte weitergegeben.<\/p>\n<p dir=\"ltr\">Wir weisen darauf hin, dass die Daten\u00fcbertragung im Internet (z.B. bei der Kommunikation per E-Mail) Sicherheitsl\u00fccken aufweisen kann. Ein l\u00fcckenloser Schutz der Daten vor dem Zugriff durch Dritte ist nicht m\u00f6glich.<\/p>\n<p dir=\"ltr\">Der Nutzung von im Rahmen der Impressumspflicht ver\u00f6ffentlichten Kontaktdaten durch Dritte zur \u00dcbersendung von nicht ausdr\u00fccklich angeforderter Werbung und Informationsmaterialien wird hiermit ausdr\u00fccklich widersprochen. Die Betreiber der Seiten behalten sich ausdr\u00fccklich rechtliche Schritte im Falle der unverlangten Zusendung von Werbeinformationen, etwa durch Spam-Mails, vor.<\/p>\n<hr dir=\"ltr\" \/>\n<p dir=\"ltr\"><strong>Analysedienste<\/strong><\/p>\n<p dir=\"ltr\">Unsere Website verwendet Piwik, dabei handelt es sich um einen sogenannten Webanalysedienst. Piwik verwendet sog. &#8220;Cookies&#8221;, das sind Textdateien, die auf Ihrem Computer gespeichert werden und die unsererseits eine Analyse der Benutzung der Webseite erm\u00f6glichen. Zu diesem Zweck werden die durch den Cookie erzeugten Nutzungsinformationen (einschlie\u00dflich Ihrer gek\u00fcrzten IP-Adresse) an unseren Server \u00fcbertragen und zu Nutzungsanalysezwecken gespeichert, was der Webseitenoptimierung unsererseits dient. Ihre IP-Adresse wird bei diesem Vorgang umge\u00adhend anony\u00admi\u00adsiert, so dass Sie als Nutzer f\u00fcr uns anonym bleiben. Die durch den Cookie erzeugten Informationen \u00fcber Ihre Benutzung dieser Webseite werden nicht an Dritte weitergegeben. Sie k\u00f6nnen die Verwendung der Cookies durch eine entsprechende Einstellung Ihrer Browser Software verhindern, es kann jedoch sein, dass Sie in diesem Fall gegebenenfalls nicht s\u00e4mtliche Funktionen dieser Website voll umf\u00e4nglich nutzen k\u00f6nnen.&#8221;<\/p>\n<p dir=\"ltr\">Wenn Sie mit der Spei\u00adche\u00adrung und Aus\u00adwer\u00adtung die\u00adser Daten aus Ihrem Besuch nicht ein\u00adver\u00adstan\u00adden sind, dann k\u00f6n\u00adnen Sie der Spei\u00adche\u00adrung und Nut\u00adzung nachfolgend per Maus\u00adklick jederzeit wider\u00adspre\u00adchen. In diesem Fall wird in Ihrem Browser ein sog. Opt-Out-Cookie abgelegt, was zur Folge hat, dass Piwik kei\u00adner\u00adlei Sit\u00adzungs\u00adda\u00adten erhebt. <strong>Achtung:<\/strong> Wenn Sie Ihre Cookies l\u00f6schen, so hat dies zur Folge, dass auch das Opt-Out-Cookie gel\u00f6scht wird und ggf. von Ihnen erneut aktiviert werden muss.<\/p>\n<p dir=\"ltr\">Quelle: <a href=\"http:\/\/www.datenschutzbeauftragter-info.de\" target=\"_blank\" rel=\"noopener\">www.datenschutzbeauftragter-info.de<\/a><\/p>\n<p dir=\"ltr\"><strong>Opt-Out \/ Widerspruchsm\u00f6glichkeit nach \u00a7 13 Abs. 1 und \u00a7 15 Abs. 3 TMG<\/strong><\/p>\n<div class=\"code\" dir=\"ltr\">\n<hr \/>\n<p><strong>Datenschutzerkl\u00e4rung f\u00fcr die Nutzung von Facebook-Plugins (Like-Button)<\/strong><\/p>\n<p>Auf unseren Seiten sind Plugins des sozialen Netzwerks Facebook (Facebook Inc., 1601 Willow Road, Menlo Park, California, 94025, USA) integriert. Die Facebook-Plugins erkennen Sie an dem Facebook-Logo oder dem &#8220;Like-Button&#8221; (&#8220;Gef\u00e4llt mir&#8221;) auf unserer Seite. Eine \u00dcbersicht \u00fcber die Facebook-Plugins finden Sie hier: <a href=\"http:\/\/developers.facebook.com\/docs\/plugins\/\" target=\"_blank\" rel=\"noopener\">http:\/\/developers.facebook.com\/docs\/plugins\/<\/a>.<br \/>\nWenn Sie unsere Seiten besuchen, wird \u00fcber das Plugin eine direkte Verbindung zwischen Ihrem Browser und dem Facebook-Server hergestellt. Facebook erh\u00e4lt dadurch die Information, dass Sie mit Ihrer IP-Adresse unsere Seite besucht haben. Wenn Sie den Facebook &#8220;Like-Button&#8221; anklicken w\u00e4hrend Sie in Ihrem Facebook-Account eingeloggt sind, k\u00f6nnen Sie die Inhalte unserer Seiten auf Ihrem Facebook-Profil verlinken. Dadurch kann Facebook den Besuch unserer Seiten Ihrem Benutzerkonto zuordnen. Wir weisen darauf hin, dass wir als Anbieter der Seiten keine Kenntnis vom Inhalt der \u00fcbermittelten Daten sowie deren Nutzung durch Facebook erhalten. Weitere Informationen hierzu finden Sie in der Datenschutzerkl\u00e4rung von facebook unter <a href=\"http:\/\/de-de.facebook.com\/policy.php\" target=\"_blank\" rel=\"noopener\"> http:\/\/de-de.facebook.com\/policy.php<\/a>Wenn Sie nicht w\u00fcnschen, dass Facebook den Besuch unserer Seiten Ihrem Facebook-Nutzerkonto zuordnen kann, loggen Sie sich bitte aus Ihrem Facebook-Benutzerkonto aus.<\/p>\n<p><strong>Datenschutzerkl\u00e4rung f\u00fcr die Nutzung von Twitter<\/strong><\/p>\n<p>Auf unseren Seiten sind Funktionen des Dienstes Twitter eingebunden. Diese Funktionen werden angeboten durch die Twitter Inc., Twitter, Inc. 1355 Market St, Suite 900, San Francisco, CA 94103, USA. Durch das Benutzen von Twitter und der Funktion &#8220;Re-Tweet&#8221; werden die von Ihnen besuchten Webseiten mit Ihrem Twitter-Account verkn\u00fcpft und anderen Nutzern bekannt gegeben. Dabei werden auch Daten an Twitter \u00fcbertragen.<\/p>\n<p>Wir weisen darauf hin, dass wir als Anbieter der Seiten keine Kenntnis vom Inhalt der \u00fcbermittelten Daten sowie deren Nutzung durch Twitter erhalten. Weitere Informationen hierzu finden Sie in der Datenschutzerkl\u00e4rung von Twitter unter <a href=\"http:\/\/twitter.com\/privacy\" target=\"_blank\" rel=\"noopener\">http:\/\/twitter.com\/privacy<\/a>.<\/p>\n<p>Ihre Datenschutzeinstellungen bei Twitter k\u00f6nnen Sie in den Konto-Einstellungen unter <a href=\"http:\/\/twitter.com\/account\/settings\" target=\"_blank\" rel=\"noopener\">http:\/\/twitter.com\/account\/settings<\/a> \u00e4ndern.<\/p>\n<p><strong>Datenschutzerkl\u00e4rung f\u00fcr die Nutzung von Pinterest<\/strong><\/p>\n<p>Auf unserer Website sind Plugins des sozialen Netzwerks Pinterest Inc., 635 High Street, Palo Alto, CA, 94301, USA integriert. Das Pinterest Plugin erkennen Sie an dem &#8220;Pin it-Button&#8221; auf unserer Seite.<\/p>\n<p>Wenn Sie den Pinterest &#8220;Pin it-Button&#8221; anklicken w\u00e4hrend Sie in Ihrem Pinterest-Account eingeloggt sind, k\u00f6nnen Sie die Inhalte unserer Seiten auf Ihrem Pinterest-Profil verlinken. Dadurch kann Pinterest den Besuch unserer Seiten Ihrem Benutzerkonto zuordnen. Wir weisen darauf hin, dass wir als Anbieter der Seiten keine Kenntnis vom Inhalt der \u00fcbermittelten Daten sowie deren Nutzung durch Pinterest erhalten. Weitere <a href=\"http:\/\/pinterest.com\/about\/privacy\/\" target=\"_blank\" rel=\"noopener\">Informationen zur Datenschutzerkl\u00e4rung von Pinterest.<\/a><\/p>\n<p><i>Quellen: <a href=\"http:\/\/www.e-recht24.de\/muster-datenschutzerklaerung.html\" target=\"_blank\" rel=\"nofollow noopener\">eRecht24<\/a>, <a href=\"http:\/\/www.e-recht24.de\/artikel\/datenschutz\/6590-facebook-like-button-datenschutz-disclaimer.html\" target=\"_blank\" rel=\"nofollow noopener\">eRecht24 Facebook Datenschutzerkl\u00e4rung<\/a>, <a href=\"http:\/\/www.google.com\/intl\/de\/+\/policy\/+1button.html\" target=\"_blank\" rel=\"nofollow noopener\">Google +1 Bedingungen<\/a>, <a href=\"http:\/\/twitter.com\/privacy\" target=\"_blank\" rel=\"nofollow noopener\">Twitter Datenschutzerkl\u00e4rung<\/a>, <a href=\"http:\/\/pinterest.com\/about\/privacy\/\" target=\"_blank\" rel=\"nofollow noopener\">Datenschutzerkl\u00e4rung Pinterest<\/a><\/i><\/p>\n<\/div>\n","protected":false},"excerpt":{"rendered":"<p>Addresse: .lkj) Landesvereinigung kulturelle Kinder- und Jugendbildung Sachsen-Anhalt e.V. Brandenburger Str. 9 39104 Magdeburg E-Mail: mail@equalforequal.org Telefon: ++49 &#8211; (0)171 &#8211; 49 22 791 Vertretungsberechtigt &#8230;<\/p>\n","protected":false},"author":1,"featured_media":0,"parent":0,"menu_order":0,"comment_status":"open","ping_status":"open","template":"","meta":{"footnotes":""},"class_list":["post-125","page","type-page","status-publish","hentry"],"_links":{"self":[{"href":"https:\/\/equalforequal.org\/ar\/wp-json\/wp\/v2\/pages\/125","targetHints":{"allow":["GET"]}}],"collection":[{"href":"https:\/\/equalforequal.org\/ar\/wp-json\/wp\/v2\/pages"}],"about":[{"href":"https:\/\/equalforequal.org\/ar\/wp-json\/wp\/v2\/types\/page"}],"author":[{"embeddable":true,"href":"https:\/\/equalforequal.org\/ar\/wp-json\/wp\/v2\/users\/1"}],"replies":[{"embeddable":true,"href":"https:\/\/equalforequal.org\/ar\/wp-json\/wp\/v2\/comments?post=125"}],"version-history":[{"count":12,"href":"https:\/\/equalforequal.org\/ar\/wp-json\/wp\/v2\/pages\/125\/revisions"}],"predecessor-version":[{"id":1848,"href":"https:\/\/equalforequal.org\/ar\/wp-json\/wp\/v2\/pages\/125\/revisions\/1848"}],"wp:attachment":[{"href":"https:\/\/equalforequal.org\/ar\/wp-json\/wp\/v2\/media?parent=125"}],"curies":[{"name":"wp","href":"https:\/\/api.w.org\/{rel}","templated":true}]}}